{"id":844,"date":"2018-07-15T12:28:35","date_gmt":"2018-07-15T12:28:35","guid":{"rendered":"https:\/\/zwergtiere.ch\/?page_id=844"},"modified":"2018-07-16T08:48:30","modified_gmt":"2018-07-16T08:48:30","slug":"links-literatur-3","status":"publish","type":"page","link":"https:\/\/zwergtiere.ch\/index.php\/unsere-zwerghuehner\/links-literatur-3\/","title":{"rendered":"Links \/ Literatur Zwergh\u00fchner"},"content":{"rendered":"<h4>Links<\/h4>\n<p><a href=\"http:\/\/www.huehner-haltung.de\/\" target=\"_blank\">Info \u00fcber H\u00fchnerhaltung<\/a><\/p>\n<p><a href=\"http:\/\/www.botanikus.de\/Botanik3\/Tiere\/Voegel\/voegel.html\" target=\"_blank\">Giftpflanzen f\u00fcr H\u00fchner<\/a><\/p>\n<h4>Empfohlene B\u00fccher:<\/h4>\n<ul>&#8222;Gefl\u00fcgel- Nat\u00fcrlich und artgerecht halten&#8220; von Alide Stern, Kosmos-Verlag<\/ul>\n<ul>&#8222;Wyandotten und Zwerg-Wyandotten&#8220;, Oertel + Sp\u00f6rer-Verlag<\/ul>\n","protected":false},"excerpt":{"rendered":"<p>Links Info \u00fcber H\u00fchnerhaltung Giftpflanzen f\u00fcr H\u00fchner Empfohlene B\u00fccher: &#8222;Gefl\u00fcgel- Nat\u00fcrlich und artgerecht halten&#8220; von Alide Stern, Kosmos-Verlag &#8222;Wyandotten und Zwerg-Wyandotten&#8220;, Oertel + Sp\u00f6rer-Verlag<\/p>\n","protected":false},"author":1,"featured_media":0,"parent":70,"menu_order":0,"comment_status":"closed","ping_status":"closed","template":"","meta":{"footnotes":""},"class_list":["post-844","page","type-page","status-publish","hentry"],"_links":{"self":[{"href":"https:\/\/zwergtiere.ch\/index.php\/wp-json\/wp\/v2\/pages\/844","targetHints":{"allow":["GET"]}}],"collection":[{"href":"https:\/\/zwergtiere.ch\/index.php\/wp-json\/wp\/v2\/pages"}],"about":[{"href":"https:\/\/zwergtiere.ch\/index.php\/wp-json\/wp\/v2\/types\/page"}],"author":[{"embeddable":true,"href":"https:\/\/zwergtiere.ch\/index.php\/wp-json\/wp\/v2\/users\/1"}],"replies":[{"embeddable":true,"href":"https:\/\/zwergtiere.ch\/index.php\/wp-json\/wp\/v2\/comments?post=844"}],"version-history":[{"count":3,"href":"https:\/\/zwergtiere.ch\/index.php\/wp-json\/wp\/v2\/pages\/844\/revisions"}],"predecessor-version":[{"id":873,"href":"https:\/\/zwergtiere.ch\/index.php\/wp-json\/wp\/v2\/pages\/844\/revisions\/873"}],"up":[{"embeddable":true,"href":"https:\/\/zwergtiere.ch\/index.php\/wp-json\/wp\/v2\/pages\/70"}],"wp:attachment":[{"href":"https:\/\/zwergtiere.ch\/index.php\/wp-json\/wp\/v2\/media?parent=844"}],"curies":[{"name":"wp","href":"https:\/\/api.w.org\/{rel}","templated":true}]}}