{"id":822,"date":"2018-07-15T11:27:05","date_gmt":"2018-07-15T11:27:05","guid":{"rendered":"https:\/\/zwergtiere.ch\/?page_id=822"},"modified":"2018-07-16T08:33:07","modified_gmt":"2018-07-16T08:33:07","slug":"links-literatur-2","status":"publish","type":"page","link":"https:\/\/zwergtiere.ch\/index.php\/unsere-zwergkaninchen\/links-literatur-2\/","title":{"rendered":"Links \/ Literatur Zwergkaninchen"},"content":{"rendered":"<h4>Links<\/h4>\n<p><a href=\"http:\/\/www.zwergkaninchen.info\/\" target=\"_blank\">Zwergkaninchen-Info<\/a><\/p>\n<p><a href=\"http:\/\/www.botanikus.de\/Botanik3\/Tiere\/Hasen\/hasen.html\" target=\"_blank\">Giftpflanzen f\u00fcr Kaninchen<\/a><\/p>\n<h4> Empfohlene B\u00fccher<\/h4>\n<ul>&#8222;Zwerg-Kaninchen&#8220; von Monika Wegler, GU-Verlag<\/ul>\n<ul>&#8222;Zwergkaninchen&#8220;, Gl\u00fccklich durchs Leben hoppeln, von Monika Wegler, GU-Verlag<\/ul>\n<ul>&#8222;Spiel- und Wohnideen f\u00fcr Zwergkaninchen&#8220; von Ester Schmidt, GU-Verlag<\/ul>\n<ul>&#8222;mein Kaninchen&#8220; von Ester Schmidt, GU-Verlag<\/ul>\n<p>&nbsp;<\/p>\n","protected":false},"excerpt":{"rendered":"<p>Links Zwergkaninchen-Info Giftpflanzen f\u00fcr Kaninchen Empfohlene B\u00fccher &#8222;Zwerg-Kaninchen&#8220; von Monika Wegler, GU-Verlag &#8222;Zwergkaninchen&#8220;, Gl\u00fccklich durchs Leben hoppeln, von Monika Wegler, GU-Verlag &#8222;Spiel- und Wohnideen f\u00fcr Zwergkaninchen&#8220; von Ester Schmidt, GU-Verlag &#8222;mein Kaninchen&#8220; von Ester Schmidt, GU-Verlag &nbsp;<\/p>\n","protected":false},"author":1,"featured_media":0,"parent":6,"menu_order":0,"comment_status":"closed","ping_status":"closed","template":"","meta":{"footnotes":""},"class_list":["post-822","page","type-page","status-publish","hentry"],"_links":{"self":[{"href":"https:\/\/zwergtiere.ch\/index.php\/wp-json\/wp\/v2\/pages\/822","targetHints":{"allow":["GET"]}}],"collection":[{"href":"https:\/\/zwergtiere.ch\/index.php\/wp-json\/wp\/v2\/pages"}],"about":[{"href":"https:\/\/zwergtiere.ch\/index.php\/wp-json\/wp\/v2\/types\/page"}],"author":[{"embeddable":true,"href":"https:\/\/zwergtiere.ch\/index.php\/wp-json\/wp\/v2\/users\/1"}],"replies":[{"embeddable":true,"href":"https:\/\/zwergtiere.ch\/index.php\/wp-json\/wp\/v2\/comments?post=822"}],"version-history":[{"count":8,"href":"https:\/\/zwergtiere.ch\/index.php\/wp-json\/wp\/v2\/pages\/822\/revisions"}],"predecessor-version":[{"id":872,"href":"https:\/\/zwergtiere.ch\/index.php\/wp-json\/wp\/v2\/pages\/822\/revisions\/872"}],"up":[{"embeddable":true,"href":"https:\/\/zwergtiere.ch\/index.php\/wp-json\/wp\/v2\/pages\/6"}],"wp:attachment":[{"href":"https:\/\/zwergtiere.ch\/index.php\/wp-json\/wp\/v2\/media?parent=822"}],"curies":[{"name":"wp","href":"https:\/\/api.w.org\/{rel}","templated":true}]}}