{"id":820,"date":"2018-07-15T11:27:05","date_gmt":"2018-07-15T11:27:05","guid":{"rendered":"https:\/\/zwergtiere.ch\/?page_id=820"},"modified":"2023-01-01T14:21:36","modified_gmt":"2023-01-01T14:21:36","slug":"links-literatur-1","status":"publish","type":"page","link":"https:\/\/zwergtiere.ch\/index.php\/unsere-ouessantschafe\/links-literatur-1\/","title":{"rendered":"Links \/ Literatur Ouessantschafe"},"content":{"rendered":"<h4>Links:<\/h4>\n<p><a href=\"http:\/\/ouessant-schafe.ch\/\" target=\"_blank\" rel=\"noopener\">Verein Ouessantschafe Schweiz<\/a><\/p>\n<p><a href=\"https:\/\/interessengemeinschaft-ouessantschaf.de\/forum\/\" target=\"_blank\" rel=\"noopener\">Ouessant-Forum<\/a><\/p>\n<p><a href=\"http:\/\/www.zvsnr.ch\/node\/2\/\" target=\"_blank\" rel=\"noopener\">Z\u00fcchter Verband seltener Nutztierrassen<\/a><\/p>\n<p><a href=\"http:\/\/www.botanikus.de\/Botanik3\/Tiere\/Schafe\/schafe.html\" target=\"_blank\" rel=\"noopener\">Giftpflanzen<\/a><\/p>\n<h4>Literatur:<\/h4>\n<p><strong>Le Mouton d&#8217;Ouessant<\/strong><br \/>\nFran\u00e7ois de Beaulieu &#8211; Herv\u00e9 Ronn\u00e9 &#8211; avec le concours du GEMO<br \/>\nISBN 978-2-36758-048-7<\/p>\n<p><strong>Krankheiten von Schafen, Ziegen und Hirschen<\/strong><br \/>\nerkennen \/ behandeln \/ vorbeugen<br \/>\nBeratungs- und Gesundheitsdienst f\u00fcr Kleinwiederk\u00e4uer (BGK)<br \/>\nISBN 978-3-033-02332-1<\/p>\n","protected":false},"excerpt":{"rendered":"<p>Links: Verein Ouessantschafe Schweiz Ouessant-Forum Z\u00fcchter Verband seltener Nutztierrassen Giftpflanzen Literatur: Le Mouton d&#8217;Ouessant Fran\u00e7ois de Beaulieu &#8211; Herv\u00e9 Ronn\u00e9 &#8211; avec le concours du GEMO ISBN 978-2-36758-048-7 Krankheiten von Schafen, Ziegen und Hirschen erkennen \/ behandeln \/ vorbeugen Beratungs- und Gesundheitsdienst f\u00fcr Kleinwiederk\u00e4uer (BGK) ISBN 978-3-033-02332-1<\/p>\n","protected":false},"author":1,"featured_media":0,"parent":66,"menu_order":0,"comment_status":"closed","ping_status":"closed","template":"","meta":{"footnotes":""},"class_list":["post-820","page","type-page","status-publish","hentry"],"_links":{"self":[{"href":"https:\/\/zwergtiere.ch\/index.php\/wp-json\/wp\/v2\/pages\/820","targetHints":{"allow":["GET"]}}],"collection":[{"href":"https:\/\/zwergtiere.ch\/index.php\/wp-json\/wp\/v2\/pages"}],"about":[{"href":"https:\/\/zwergtiere.ch\/index.php\/wp-json\/wp\/v2\/types\/page"}],"author":[{"embeddable":true,"href":"https:\/\/zwergtiere.ch\/index.php\/wp-json\/wp\/v2\/users\/1"}],"replies":[{"embeddable":true,"href":"https:\/\/zwergtiere.ch\/index.php\/wp-json\/wp\/v2\/comments?post=820"}],"version-history":[{"count":16,"href":"https:\/\/zwergtiere.ch\/index.php\/wp-json\/wp\/v2\/pages\/820\/revisions"}],"predecessor-version":[{"id":1349,"href":"https:\/\/zwergtiere.ch\/index.php\/wp-json\/wp\/v2\/pages\/820\/revisions\/1349"}],"up":[{"embeddable":true,"href":"https:\/\/zwergtiere.ch\/index.php\/wp-json\/wp\/v2\/pages\/66"}],"wp:attachment":[{"href":"https:\/\/zwergtiere.ch\/index.php\/wp-json\/wp\/v2\/media?parent=820"}],"curies":[{"name":"wp","href":"https:\/\/api.w.org\/{rel}","templated":true}]}}