{"id":41,"date":"2017-01-07T14:09:06","date_gmt":"2017-01-07T13:09:06","guid":{"rendered":"http:\/\/web1532.login-11.loginserver.ch\/wordpress\/?page_id=41"},"modified":"2018-07-14T19:27:09","modified_gmt":"2018-07-14T19:27:09","slug":"rassestandard","status":"publish","type":"page","link":"https:\/\/zwergtiere.ch\/index.php\/unsere-ouessantschafe\/rassestandard\/","title":{"rendered":"Rassestandard"},"content":{"rendered":"<h4>1. KOPF:<\/h4>\n<p>Fein und regelm\u00e4ssig, B\u00f6cke mit H\u00f6rnern, Nase und Stirn in einer Linie. Ganz leichter Ramskopf beim Bock.<\/p>\n<h5>Augen:<\/h5>\n<p>Gl\u00e4nzend, sehr lebhafter Blick, Augenh\u00f6cker hervorstehend.<\/p>\n<h5>Ohren:<\/h5>\n<p>Fein, klein, kurz, beweglich, leicht aufgerichtet.<\/p>\n<h5>H\u00f6rner:<\/h5>\n<p>Bei schwarzen und braunen Tieren dunkel, bei weissen Tieren hell, dreieckiger Teil, stark, gerollt mit einer einzigen Windung grossen<br \/>\nDurchmessers und guten Abstandes vom Kopf.<\/p>\n<h4>2. HALS:<\/h4>\n<p>Rund, ohne Wamme, bei den B\u00f6cken mit Krawatte.<\/p>\n<h4>3. RUMPF:<\/h4>\n<p>Widerrist nicht hervorstehend, tiefe Brust.<\/p>\n<h4>4. R\u00dcCKEN:<\/h4>\n<p>Gerade Oberlinie vom Widerrist bis zum Schwanzansatz.<\/p>\n<h4>5. BECKEN:<\/h4>\n<p>Breit.<\/p>\n<h4>6. GLIEDMASSEN:<\/h4>\n<p>Fein, mittellang, gut proportioniert, gut gestellt.<\/p>\n<h4>7. MAXIMALE H\u00d6HE AM WIDERRIST:<\/h4>\n<p>B\u00f6cke: 49 cm. Mutterschafe: 46 cm.<\/p>\n<h4>8. WOLLE:<\/h4>\n<h5>Ausbreitung:<\/h5>\n<p>Stirn und ein Teil der Wangenpartie bewollt, Wolle bedeckt den K\u00f6rper mindestens bis zu den Karpal- resp. Sprunggelenken.<\/p>\n<h5>Farbe:<\/h5>\n<p>Einfarbig: Schwarz, (kastanienbraun), grau, braun, weiss.<br \/>\nDie F\u00e4rbung muss im gesamten Wollvlies einheitlich sein.<br \/>\nRote Unterwolle bei weissen Tieren erlaubt, daher ein r\u00f6tlicher Anflug besonders am Kopf, an den Gliedmassen und am Schwanz.<\/p>\n<p>Zul\u00e4ssig bei jungen Tieren:<\/p>\n<p>Bei schwarzen: Kleiner weisser Fleck auf der Stirn.<\/p>\n<p>Bei weissen: Rote Stellen an Hals, am Schwanz und an den F\u00fcssen. Diese roten Stellen werden mit dem Alter schw\u00e4cher.<\/p>\n<h5>Struktur:<\/h5>\n<p>Halbgeschlossenes, gut gestapeltes Vlies, Oberwolle 8-10 cm bei einem Wachstum von 12 Monaten. Vorhandensein von Langhaar bzw. von vom<br \/>\nVlies abweichendem Haar, Fasern mit Markkanal. Lage: Unterhals (Krawatte), besonders ausgepr\u00e4gt beim Bock; Genick, unterer Oberschenkel.<br \/>\nDie Langhaare haben den gleichen Farbton wie das Vlies, k\u00f6nnen aber etwas dunkler sein.<\/p>\n<p>Durchschnittliche Feinheit: 27 bis 28 Mikron.<\/p>\n<h5>Anmerkungen:<\/h5>\n<p>Selten werden bei weiblichen Tieren kleine Hornans\u00e4tze ohne Knochen beobachtet. Dies ist nach derzeitiger Ansicht nicht als Fehler zu werten.<br \/>\nObwohl es nicht zum Rassestandard geh\u00f6rt, ist anzumerken, dass Einlingsgeburten bei dieser Rasse die Regel sind. Zwillingsgeburten sind<br \/>\n\u00e4usserst selten und werden nicht angestrebt.<\/p>\n<h5>Gr\u00fcnde f\u00fcr Ausschluss:<\/h5>\n<p>Zu gross<br \/>\nZu langer Schwanz<br \/>\nBei B\u00f6cken: H\u00f6rner zu unsymmetrisch oder zu schwach ausgepr\u00e4gt, zu eng. Fehlen von H\u00f6rnern. Einhodig.<br \/>\nBei Auen: H\u00f6rner, Ramskopf<br \/>\nFundament: extreme Fehlstellung<br \/>\nFarbe\/Wolle: uneinheitliche F\u00e4rbung, Scheckung<\/p>\n<p>&nbsp;<\/p>\n<blockquote><p>genehmigt vom Verein Ouessantschafe Schweiz OSS &#8211; 04. November 2017<\/p><\/blockquote>\n","protected":false},"excerpt":{"rendered":"<p>1. KOPF: Fein und regelm\u00e4ssig, B\u00f6cke mit H\u00f6rnern, Nase und Stirn in einer Linie. Ganz leichter Ramskopf beim Bock. Augen: Gl\u00e4nzend, sehr lebhafter Blick, Augenh\u00f6cker hervorstehend. Ohren: Fein, klein, kurz, beweglich, leicht aufgerichtet. H\u00f6rner: Bei schwarzen und braunen Tieren dunkel, bei weissen Tieren hell, dreieckiger Teil, stark, gerollt mit einer einzigen Windung grossen Durchmessers und &hellip; <\/p>\n<p class=\"link-more\"><a href=\"https:\/\/zwergtiere.ch\/index.php\/unsere-ouessantschafe\/rassestandard\/\" class=\"more-link\"><span class=\"screen-reader-text\">\u201eRassestandard\u201c <\/span>weiterlesen<\/a><\/p>\n","protected":false},"author":1,"featured_media":0,"parent":66,"menu_order":0,"comment_status":"closed","ping_status":"closed","template":"","meta":{"footnotes":""},"class_list":["post-41","page","type-page","status-publish","hentry"],"_links":{"self":[{"href":"https:\/\/zwergtiere.ch\/index.php\/wp-json\/wp\/v2\/pages\/41","targetHints":{"allow":["GET"]}}],"collection":[{"href":"https:\/\/zwergtiere.ch\/index.php\/wp-json\/wp\/v2\/pages"}],"about":[{"href":"https:\/\/zwergtiere.ch\/index.php\/wp-json\/wp\/v2\/types\/page"}],"author":[{"embeddable":true,"href":"https:\/\/zwergtiere.ch\/index.php\/wp-json\/wp\/v2\/users\/1"}],"replies":[{"embeddable":true,"href":"https:\/\/zwergtiere.ch\/index.php\/wp-json\/wp\/v2\/comments?post=41"}],"version-history":[{"count":3,"href":"https:\/\/zwergtiere.ch\/index.php\/wp-json\/wp\/v2\/pages\/41\/revisions"}],"predecessor-version":[{"id":808,"href":"https:\/\/zwergtiere.ch\/index.php\/wp-json\/wp\/v2\/pages\/41\/revisions\/808"}],"up":[{"embeddable":true,"href":"https:\/\/zwergtiere.ch\/index.php\/wp-json\/wp\/v2\/pages\/66"}],"wp:attachment":[{"href":"https:\/\/zwergtiere.ch\/index.php\/wp-json\/wp\/v2\/media?parent=41"}],"curies":[{"name":"wp","href":"https:\/\/api.w.org\/{rel}","templated":true}]}}